{"id":9593,"date":"2022-08-17T14:56:36","date_gmt":"2022-08-17T12:56:36","guid":{"rendered":"https:\/\/parm.com\/?page_id=9593"},"modified":"2026-03-23T15:13:18","modified_gmt":"2026-03-23T14:13:18","slug":"ajan-ja-kulujen-seuranta","status":"publish","type":"page","link":"https:\/\/new-site.parm.com\/fi\/myparm-5\/ajan-ja-kulujen-seuranta\/","title":{"rendered":"Ajan ja kulujen seuranta"},"content":{"rendered":"\n<div class=\"et_pb_section_0 et_pb_section et_section_regular et_block_section et_animated\"><div class=\"et_pb_row_0 et_pb_row et_block_row\"><div class=\"et_pb_column_0 et_pb_column et_pb_column_4_4 et-last-child et_block_column et_pb_css_mix_blend_mode_passthrough\"><div class=\"et_pb_text_0 et_pb_text et_pb_bg_layout_light et_pb_module et_block_module preset--module--divi-text--default\"><div class=\"et_pb_text_inner\" data-et-mv-hidden-tablet=\"true\"><h1 style=\"text-align: left;\"><strong>Hankkeen kulujen kirjaaminen<br \/><span style=\"color: #c01e2b;\">Ajat, kulut ja muut kustannukset<\/span><\/strong><\/h1>\n<\/div><\/div><\/div><\/div><div class=\"et_pb_row_1 et_pb_row et_block_row\"><div class=\"et_pb_column_1 et_pb_column et_pb_column_3_5 et_block_column et_pb_css_mix_blend_mode_passthrough\"><div class=\"et_pb_text_1 et_pb_text et_pb_bg_layout_light et_pb_module et_block_module preset--module--divi-text--default\"><div class=\"et_pb_text_inner\"><h2>Ajan ja kulujen seuranta<\/h2>\n<\/div><\/div><div class=\"et_pb_blurb_0 et_pb_blurb et_pb_bg_layout_light et_pb_blurb_position_left et_pb_module et_block_module\"><div class=\"et_pb_blurb_content\"><div class=\"et_pb_main_blurb_image\"><span class=\"et_pb_image_wrap\"><span class=\"et-pb-icon\">R<\/span><\/span><\/div><div class=\"et_pb_blurb_container\"><div class=\"et_pb_blurb_description\"><p><strong>Ty\u00f6tuntien ja poissaolojen kirjaaminen<\/strong><\/p>\n<\/div><\/div><\/div><\/div><div class=\"et_pb_blurb_1 et_pb_blurb et_pb_bg_layout_light et_pb_blurb_position_left et_pb_module et_block_module\"><div class=\"et_pb_blurb_content\"><div class=\"et_pb_main_blurb_image\"><span class=\"et_pb_image_wrap\"><span class=\"et-pb-icon\">R<\/span><\/span><\/div><div class=\"et_pb_blurb_container\"><div class=\"et_pb_blurb_description\"><p><strong>Kulujen kirjaaminen<\/strong><\/p>\n<\/div><\/div><\/div><\/div><div class=\"et_pb_blurb_2 et_pb_blurb et_pb_bg_layout_light et_pb_blurb_position_left et_pb_module et_block_module\"><div class=\"et_pb_blurb_content\"><div class=\"et_pb_main_blurb_image\"><span class=\"et_pb_image_wrap\"><span class=\"et-pb-icon\">R<\/span><\/span><\/div><div class=\"et_pb_blurb_container\"><div class=\"et_pb_blurb_description\"><p><strong>Muiden kustannusten kirjaaminen<\/strong><\/p>\n<\/div><\/div><\/div><\/div><\/div><div class=\"et_pb_column_2 et_pb_column et_pb_column_2_5 et-last-child et_block_column et_pb_column_empty et_pb_css_mix_blend_mode_passthrough\"><\/div><\/div><\/div><div class=\"et_pb_section_1 et_pb_section et_section_specialty et_pb_gutters3 et_block_section\"><div class=\"et_pb_row et_block_row\"><div class=\"et_pb_column_3 et_pb_column et_pb_specialty_column et_pb_column_1_2 et_block_column et_pb_css_mix_blend_mode_passthrough\"><div class=\"et_pb_row_inner_0 et_pb_row_inner et_block_row\"><div class=\"et_pb_column_inner_0 et_pb_column_inner et_pb_column et_pb_column_4_4 et-last-child et_block_column et_pb_css_mix_blend_mode_passthrough\"><div class=\"et_pb_text_2 et_pb_text et_pb_bg_layout_light et_animated et_pb_module et_block_module preset--module--divi-text--default\"><div class=\"et_pb_text_inner\"><h2 style=\"text-align: left;\">VALMISTELE<\/h2>\n<\/div><\/div><div class=\"et_pb_text_3 et_pb_text et_pb_bg_layout_light et_animated et_pb_module et_block_module et_pb_text_align_center preset--module--divi-text--default\"><div class=\"et_pb_text_inner\"><p style=\"text-align: left;\">myPARM tukee sinua lukuisilla vaihtoehdoilla, jotta voit kirjata projektikulut helposti ja joustavasti. K\u00e4yt\u00e4 erilaisia ty\u00f6aikamalleja ja kalentereita, pid\u00e4 kustannuskirjaa ja helpota ty\u00f6t\u00e4si vakiokommenttien, tekstimoduuleiden ja suosikkien avulla. <\/p>\n<\/div><\/div><div class=\"et_pb_blurb_3 et_pb_blurb et_pb_bg_layout_light et_pb_text_align_center et_pb_blurb_position_left et_animated et_pb_module et_block_module\"><div class=\"et_pb_blurb_content\"><div class=\"et_pb_main_blurb_image\"><span class=\"et_pb_image_wrap\"><span class=\"et-pb-icon\">R<\/span><\/span><\/div><div class=\"et_pb_blurb_container\"><h4 class=\"et_pb_module_header\">Erilaisten ty\u00f6aikamallien ja kalenterien kartoitus<\/h4><\/div><\/div><\/div><div class=\"et_pb_blurb_4 et_pb_blurb et_pb_bg_layout_light et_pb_text_align_center et_pb_blurb_position_left et_animated et_pb_module et_block_module\"><div class=\"et_pb_blurb_content\"><div class=\"et_pb_main_blurb_image\"><span class=\"et_pb_image_wrap\"><span class=\"et-pb-icon\">R<\/span><\/span><\/div><div class=\"et_pb_blurb_container\"><h4 class=\"et_pb_module_header\">Yll\u00e4pid\u00e4 vakiokommentteja ja tekstimoduuleja<\/h4><\/div><\/div><\/div><div class=\"et_pb_blurb_5 et_pb_blurb et_pb_bg_layout_light et_pb_blurb_position_left et_animated et_pb_module et_block_module\"><div class=\"et_pb_blurb_content\"><div class=\"et_pb_main_blurb_image\"><span class=\"et_pb_image_wrap\"><span class=\"et-pb-icon\">R<\/span><\/span><\/div><div class=\"et_pb_blurb_container\"><h4 class=\"et_pb_module_header\">Kustannustasojen yll\u00e4pito<\/h4><div class=\"et_pb_blurb_description\"><p>omaan ty\u00f6h\u00f6n, materiaaleihin, kuluihin ja ulkopuolisiin palveluihin sek\u00e4 yksitt\u00e4isiin kustannuslajeihin sis. valuuttayksikk\u00f6 ja ALV-kanta <\/p>\n<\/div><\/div><\/div><\/div><div class=\"et_pb_blurb_6 et_pb_blurb et_pb_bg_layout_light et_pb_text_align_center et_pb_blurb_position_left et_animated et_pb_module et_block_module\"><div class=\"et_pb_blurb_content\"><div class=\"et_pb_main_blurb_image\"><span class=\"et_pb_image_wrap\"><span class=\"et-pb-icon\">R<\/span><\/span><\/div><div class=\"et_pb_blurb_container\"><h4 class=\"et_pb_module_header\">Aikatyyppien yll\u00e4pito sis. lis\u00e4maksut <\/h4><\/div><\/div><\/div><div class=\"et_pb_blurb_7 et_pb_blurb et_pb_bg_layout_light et_pb_text_align_center et_pb_blurb_position_left et_animated et_pb_module et_block_module\"><div class=\"et_pb_blurb_content\"><div class=\"et_pb_main_blurb_image\"><span class=\"et_pb_image_wrap\"><span class=\"et-pb-icon\">R<\/span><\/span><\/div><div class=\"et_pb_blurb_container\"><h4 class=\"et_pb_module_header\">Suosikkien luominen<\/h4><\/div><\/div><\/div><\/div><\/div><\/div><div class=\"et_pb_column_4 et_pb_column et_pb_column_single et_pb_column_1_2 et-last-child et_block_column et_pb_css_mix_blend_mode_passthrough\"><div class=\"et_pb_image_0 et_pb_image et_animated et_pb_module et_block_module\"><a href=\"https:\/\/new-site.parm.com\/wp-content\/uploads\/2022\/08\/Zeiterfassung.png\" class=\"et_pb_lightbox_image\" alt=\"Ajan ja kulujen kirjaaminen myPARM-hankkeenhallintaohjelmistoon.\"><span class=\"et_pb_image_wrap\"><img decoding=\"async\" src=\"https:\/\/new-site.parm.com\/wp-content\/uploads\/2022\/08\/Zeiterfassung.png\" width=\"1389\" height=\"1035\" srcset=\"https:\/\/new-site.parm.com\/wp-content\/uploads\/2022\/08\/Zeiterfassung.png 1389w, https:\/\/new-site.parm.com\/wp-content\/uploads\/2022\/08\/Zeiterfassung-1280x954.png 1280w, https:\/\/new-site.parm.com\/wp-content\/uploads\/2022\/08\/Zeiterfassung-980x730.png 980w, https:\/\/new-site.parm.com\/wp-content\/uploads\/2022\/08\/Zeiterfassung-480x358.png 480w\" sizes=\"(min-width: 0px) and (max-width: 480px) 480px, (min-width: 481px) and (max-width: 980px) 980px, (min-width: 981px) and (max-width: 1280px) 1280px, (min-width: 1281px) 1389px, 100vw\" class=\"wp-image-10310\" title=\"Ajan tallennus\" alt=\"Ajan ja kulujen kirjaaminen myPARM-hankkeenhallintaohjelmistoon.\" \/><\/span><\/a><\/div><\/div><\/div><\/div><div class=\"et_pb_section_2 et_pb_section et_section_regular et_block_section\"><div class=\"et_pb_row_2 et_pb_row et_pb_row_1-2_1-4_1-4 et_pb_gutters3 et_block_row et_block_row_1-2_1-4_1-4\"><div class=\"et_pb_column_5 et_pb_column et_pb_column_1_2 et_block_column et_pb_css_mix_blend_mode_passthrough\"><div class=\"et_pb_text_4 et_pb_text et_pb_bg_layout_light et_animated et_pb_module et_block_module preset--module--divi-text--default\"><div class=\"et_pb_text_inner\"><h2 style=\"text-align: left;\">SUORITA + OHJAA<\/h2>\n<\/div><\/div><div class=\"et_pb_text_5 et_pb_text et_pb_bg_layout_light et_animated et_pb_module et_block_module et_pb_text_align_center preset--module--divi-text--default\"><div class=\"et_pb_text_inner\"><p style=\"text-align: left;\">Tallenna ty\u00f6ajat ja kustannukset nopeasti ja helposti.<\/p>\n<\/div><\/div><div class=\"et_pb_blurb_8 et_pb_blurb et_pb_bg_layout_light et_pb_text_align_center et_pb_blurb_position_left et_animated et_pb_module et_block_module\"><div class=\"et_pb_blurb_content\"><div class=\"et_pb_main_blurb_image\"><span class=\"et_pb_image_wrap\"><span class=\"et-pb-icon\">R<\/span><\/span><\/div><div class=\"et_pb_blurb_container\"><h4 class=\"et_pb_module_header\">Kirjaa ty\u00f6ajat ja poissaolot<\/h4><\/div><\/div><\/div><div class=\"et_pb_blurb_9 et_pb_blurb et_pb_bg_layout_light et_pb_text_align_center et_pb_blurb_position_left et_animated et_pb_module et_block_module\"><div class=\"et_pb_blurb_content\"><div class=\"et_pb_main_blurb_image\"><span class=\"et_pb_image_wrap\"><span class=\"et-pb-icon\">R<\/span><\/span><\/div><div class=\"et_pb_blurb_container\"><h4 class=\"et_pb_module_header\">Kulujen tallennus<\/h4><div class=\"et_pb_blurb_description\"><p style=\"text-align: left;\">sis. kuittien lataamisen <\/p>\n<\/div><\/div><\/div><\/div><div class=\"et_pb_blurb_10 et_pb_blurb et_pb_bg_layout_light et_pb_blurb_position_left et_animated et_pb_module et_block_module\"><div class=\"et_pb_blurb_content\"><div class=\"et_pb_main_blurb_image\"><span class=\"et_pb_image_wrap\"><span class=\"et-pb-icon\">R<\/span><\/span><\/div><div class=\"et_pb_blurb_container\"><h4 class=\"et_pb_module_header\">Muiden kustannusten kirjaaminen<\/h4><div class=\"et_pb_blurb_description\"><p>esim. materiaali- ja ulkoiset kustannukset, my\u00f6s eri valuutoissa<\/p>\n<\/div><\/div><\/div><\/div><div class=\"et_pb_blurb_11 et_pb_blurb et_pb_bg_layout_light et_pb_text_align_center et_pb_blurb_position_left et_animated et_pb_module et_block_module\"><div class=\"et_pb_blurb_content\"><div class=\"et_pb_main_blurb_image\"><span class=\"et_pb_image_wrap\"><span class=\"et-pb-icon\">R<\/span><\/span><\/div><div class=\"et_pb_blurb_container\"><h4 class=\"et_pb_module_header\">Tili projekti- ja \/ tai organisaatiotasolla<\/h4><\/div><\/div><\/div><div class=\"et_pb_blurb_12 et_pb_blurb et_pb_bg_layout_light et_pb_text_align_center et_pb_blurb_position_left et_animated et_pb_module et_block_module\"><div class=\"et_pb_blurb_content\"><div class=\"et_pb_main_blurb_image\"><span class=\"et_pb_image_wrap\"><span class=\"et-pb-icon\">R<\/span><\/span><\/div><div class=\"et_pb_blurb_container\"><h4 class=\"et_pb_module_header\">N\u00e4ytt\u00f6 taulukko- tai kalenterin\u00e4kym\u00e4ss\u00e4<\/h4><\/div><\/div><\/div><\/div><div class=\"et_pb_column_6 et_pb_column et_pb_column_1_4 et_block_column et_pb_css_mix_blend_mode_passthrough\"><div class=\"et_pb_image_1 et_pb_image et_pb_module et_block_module\"><span class=\"et_pb_image_wrap\"><img decoding=\"async\" src=\"https:\/\/new-site.parm.com\/wp-content\/uploads\/2025\/04\/Timesheet_mobile1.png\" width=\"828\" height=\"1792\" srcset=\"https:\/\/new-site.parm.com\/wp-content\/uploads\/2025\/04\/Timesheet_mobile1.png 828w, https:\/\/new-site.parm.com\/wp-content\/uploads\/2025\/04\/Timesheet_mobile1-480x1039.png 480w\" sizes=\"(min-width: 0px) and (max-width: 480px) 480px, (min-width: 481px) 828px, 100vw\" class=\"wp-image-234707\" title=\"Timesheet_mobile1\" alt=\"Mobiiliajan tallennus\" \/><\/span><\/div><\/div><div class=\"et_pb_column_7 et_pb_column et_pb_column_1_4 et-last-child et_block_column et_pb_css_mix_blend_mode_passthrough\"><div class=\"et_pb_image_2 et_pb_image et_pb_module et_block_module\"><span class=\"et_pb_image_wrap\"><img decoding=\"async\" src=\"https:\/\/new-site.parm.com\/wp-content\/uploads\/2025\/04\/Timesheet_mobile2.png\" width=\"828\" height=\"1792\" srcset=\"https:\/\/new-site.parm.com\/wp-content\/uploads\/2025\/04\/Timesheet_mobile2.png 828w, https:\/\/new-site.parm.com\/wp-content\/uploads\/2025\/04\/Timesheet_mobile2-480x1039.png 480w\" sizes=\"(min-width: 0px) and (max-width: 480px) 480px, (min-width: 481px) 828px, 100vw\" class=\"wp-image-234700\" title=\"Timesheet_mobile2\" alt=\"Mobiiliajan tallennus\" \/><\/span><\/div><\/div><\/div><\/div><div class=\"et_pb_section_3 et_pb_section et_section_specialty et_pb_gutters3 et_block_section\"><div class=\"et_pb_row et_block_row\"><div class=\"et_pb_column_8 et_pb_column et_pb_specialty_column et_pb_column_1_2 et_block_column et_pb_css_mix_blend_mode_passthrough\"><div class=\"et_pb_row_inner_1 et_pb_row_inner et_block_row\"><div class=\"et_pb_column_inner_1 et_pb_column_inner et_pb_column et_pb_column_4_4 et-last-child et_block_column et_pb_css_mix_blend_mode_passthrough\"><div class=\"et_pb_text_6 et_pb_text et_pb_bg_layout_light et_animated et_pb_module et_block_module preset--module--divi-text--default\"><div class=\"et_pb_text_inner\"><h2 style=\"text-align: left;\">ARVIOI<\/h2>\n<\/div><\/div><div class=\"et_pb_text_7 et_pb_text et_pb_bg_layout_light et_animated et_pb_module et_block_module et_pb_text_align_center preset--module--divi-text--default\"><div class=\"et_pb_text_inner\"><p style=\"text-align: left;\">Yll\u00e4pid\u00e4 selkea yleiskuva projektin ajoista ja kustannuksista. Luo perusta olennaisille johtop\u00e4\u00e4t\u00f6ksille resurssien suunnittelussa raportoimalla j\u00e4ljell\u00e4 olevasta ty\u00f6st\u00e4. <\/p>\n<\/div><\/div><div class=\"et_pb_blurb_13 et_pb_blurb et_pb_bg_layout_light et_pb_text_align_center et_pb_blurb_position_left et_animated et_pb_module et_block_module\"><div class=\"et_pb_blurb_content\"><div class=\"et_pb_main_blurb_image\"><span class=\"et_pb_image_wrap\"><span class=\"et-pb-icon\">R<\/span><\/span><\/div><div class=\"et_pb_blurb_container\"><h4 class=\"et_pb_module_header\">Erilaisia raportteja ja arvioita kojelaudoissa<\/h4><\/div><\/div><\/div><\/div><\/div><\/div><div class=\"et_pb_column_9 et_pb_column et_pb_column_single et_pb_column_1_2 et-last-child et_block_column et_pb_column_empty et_pb_css_mix_blend_mode_passthrough\"><\/div><\/div><\/div><div class=\"et_pb_section_4 et_pb_section et_section_regular et_block_section\"><div class=\"et_pb_row_3 et_pb_row et_block_row\"><div class=\"et_pb_column_10 et_pb_column et_pb_column_4_4 et-last-child et_block_column et_pb_css_mix_blend_mode_passthrough\"><div class=\"et_pb_code_0 et_pb_code et_pb_module\"><div class=\"et_pb_code_inner\"><!-- Calendly Badge-Widget Beginn -->\n<link href=\"https:\/\/assets.calendly.com\/assets\/external\/widget.css\" rel=\"stylesheet\">\n<script src=\"https:\/\/assets.calendly.com\/assets\/external\/widget.js\" type=\"text\/javascript\"><\/script>\n<script type=\"text\/javascript\">Calendly.initBadgeWidget({ url: 'https:\/\/calendly.com\/d\/ymv-ffv-cqx', text: 'Termin vereinbaren', color: '#00a2ff', textColor: '#ffffff', branding: false });<\/script>\n<!-- Calendly Badge-Widget Ende -->\n<\/div><\/div><\/div><\/div><\/div>\n","protected":false},"excerpt":{"rendered":"<p>Kirjaa kaikenlaiset todelliset kustannukset hankkeen kustannusvertailuja ja suorituksen edistymisen dokumentointia varten.<\/p>\n","protected":false},"author":1,"featured_media":9572,"parent":9450,"menu_order":0,"comment_status":"closed","ping_status":"closed","template":"","meta":{"footnotes":""},"class_list":["post-9593","page","type-page","status-publish","has-post-thumbnail","hentry"],"yoast_head":"<!-- This site is optimized with the Yoast SEO plugin v27.3 - https:\/\/yoast.com\/product\/yoast-seo-wordpress\/ -->\n<title>Ajan ja kulujen tallennus - myPARM<\/title>\n<meta name=\"description\" content=\"Ajan ja kulujen kirjaaminen myPARM-ohjelmassa mahdollistaa todellisten kustannusten dokumentoinnin kaikenlaisten projektikustannusten vertailua varten.\" \/>\n<meta name=\"robots\" content=\"index, follow, max-snippet:-1, max-image-preview:large, max-video-preview:-1\" \/>\n<link rel=\"canonical\" href=\"https:\/\/new-site.parm.com\/fi\/myparm-5\/ajan-ja-kulujen-seuranta\/\" \/>\n<meta property=\"og:locale\" content=\"fi_FI\" \/>\n<meta property=\"og:type\" content=\"article\" \/>\n<meta property=\"og:title\" content=\"Ajan ja kulujen kirjaaminen myPARMilla\" \/>\n<meta property=\"og:description\" content=\"Kirjaa kaikenlaiset todelliset kustannukset hankkeen kustannusvertailuja ja suorituksen edistymisen dokumentointia varten.\" \/>\n<meta property=\"og:url\" content=\"https:\/\/new-site.parm.com\/fi\/myparm-5\/ajan-ja-kulujen-seuranta\/\" \/>\n<meta property=\"og:site_name\" content=\"Parm AG\" \/>\n<meta property=\"article:publisher\" content=\"https:\/\/www.facebook.com\/myparm\" \/>\n<meta property=\"article:modified_time\" content=\"2026-03-23T14:13:18+00:00\" \/>\n<meta property=\"og:image\" content=\"https:\/\/new-site.parm.com\/wp-content\/uploads\/2022\/08\/Header_Zeitmanagement.png\" \/>\n\t<meta property=\"og:image:width\" content=\"1080\" \/>\n\t<meta property=\"og:image:height\" content=\"500\" \/>\n\t<meta property=\"og:image:type\" content=\"image\/png\" \/>\n<meta name=\"twitter:card\" content=\"summary_large_image\" \/>\n<meta name=\"twitter:title\" content=\"Ajan ja kulujen kirjaaminen myPARMilla\" \/>\n<meta name=\"twitter:description\" content=\"Kirjaa kaikenlaiset todelliset kustannukset hankkeen kustannusvertailuja ja suorituksen edistymisen dokumentointia varten.\" \/>\n<meta name=\"twitter:image\" content=\"https:\/\/new-site.parm.com\/wp-content\/uploads\/2022\/08\/Header_Zeitmanagement.png\" \/>\n<script type=\"application\/ld+json\" class=\"yoast-schema-graph\">{\"@context\":\"https:\\\/\\\/schema.org\",\"@graph\":[{\"@type\":\"WebPage\",\"@id\":\"https:\\\/\\\/new-site.parm.com\\\/fi\\\/myparm-5\\\/ajan-ja-kulujen-seuranta\\\/\",\"url\":\"https:\\\/\\\/new-site.parm.com\\\/fi\\\/myparm-5\\\/ajan-ja-kulujen-seuranta\\\/\",\"name\":\"Ajan ja kulujen tallennus - myPARM\",\"isPartOf\":{\"@id\":\"https:\\\/\\\/new-site.parm.com\\\/fi\\\/#website\"},\"primaryImageOfPage\":{\"@id\":\"https:\\\/\\\/new-site.parm.com\\\/fi\\\/myparm-5\\\/ajan-ja-kulujen-seuranta\\\/#primaryimage\"},\"image\":{\"@id\":\"https:\\\/\\\/new-site.parm.com\\\/fi\\\/myparm-5\\\/ajan-ja-kulujen-seuranta\\\/#primaryimage\"},\"thumbnailUrl\":\"https:\\\/\\\/new-site.parm.com\\\/wp-content\\\/uploads\\\/2022\\\/08\\\/Header_Zeitmanagement.png\",\"datePublished\":\"2022-08-17T12:56:36+00:00\",\"dateModified\":\"2026-03-23T14:13:18+00:00\",\"description\":\"Ajan ja kulujen kirjaaminen myPARM-ohjelmassa mahdollistaa todellisten kustannusten dokumentoinnin kaikenlaisten projektikustannusten vertailua varten.\",\"breadcrumb\":{\"@id\":\"https:\\\/\\\/new-site.parm.com\\\/fi\\\/myparm-5\\\/ajan-ja-kulujen-seuranta\\\/#breadcrumb\"},\"inLanguage\":\"fi\",\"potentialAction\":[{\"@type\":\"ReadAction\",\"target\":[\"https:\\\/\\\/new-site.parm.com\\\/fi\\\/myparm-5\\\/ajan-ja-kulujen-seuranta\\\/\"]}]},{\"@type\":\"ImageObject\",\"inLanguage\":\"fi\",\"@id\":\"https:\\\/\\\/new-site.parm.com\\\/fi\\\/myparm-5\\\/ajan-ja-kulujen-seuranta\\\/#primaryimage\",\"url\":\"https:\\\/\\\/new-site.parm.com\\\/wp-content\\\/uploads\\\/2022\\\/08\\\/Header_Zeitmanagement.png\",\"contentUrl\":\"https:\\\/\\\/new-site.parm.com\\\/wp-content\\\/uploads\\\/2022\\\/08\\\/Header_Zeitmanagement.png\",\"width\":1080,\"height\":500,\"caption\":\"Ajanhallintaotsikko\"},{\"@type\":\"BreadcrumbList\",\"@id\":\"https:\\\/\\\/new-site.parm.com\\\/fi\\\/myparm-5\\\/ajan-ja-kulujen-seuranta\\\/#breadcrumb\",\"itemListElement\":[{\"@type\":\"ListItem\",\"position\":1,\"name\":\"Startseite\",\"item\":\"https:\\\/\\\/new-site.parm.com\\\/fi\\\/\"},{\"@type\":\"ListItem\",\"position\":2,\"name\":\"Projektinhallinta\",\"item\":\"https:\\\/\\\/new-site.parm.com\\\/fi\\\/myparm-5\\\/\"},{\"@type\":\"ListItem\",\"position\":3,\"name\":\"Ajan ja kulujen seuranta\"}]},{\"@type\":\"WebSite\",\"@id\":\"https:\\\/\\\/new-site.parm.com\\\/fi\\\/#website\",\"url\":\"https:\\\/\\\/new-site.parm.com\\\/fi\\\/\",\"name\":\"Parm AG\",\"description\":\"Successful projects. Swiss quality. Software f\u00fcr Projektmanagement\",\"publisher\":{\"@id\":\"https:\\\/\\\/new-site.parm.com\\\/fi\\\/#organization\"},\"alternateName\":\"Parm\",\"potentialAction\":[{\"@type\":\"SearchAction\",\"target\":{\"@type\":\"EntryPoint\",\"urlTemplate\":\"https:\\\/\\\/new-site.parm.com\\\/fi\\\/?s={search_term_string}\"},\"query-input\":{\"@type\":\"PropertyValueSpecification\",\"valueRequired\":true,\"valueName\":\"search_term_string\"}}],\"inLanguage\":\"fi\"},{\"@type\":\"Organization\",\"@id\":\"https:\\\/\\\/new-site.parm.com\\\/fi\\\/#organization\",\"name\":\"Parm AG\",\"alternateName\":\"Parm\",\"url\":\"https:\\\/\\\/new-site.parm.com\\\/fi\\\/\",\"logo\":{\"@type\":\"ImageObject\",\"inLanguage\":\"fi\",\"@id\":\"https:\\\/\\\/new-site.parm.com\\\/fi\\\/#\\\/schema\\\/logo\\\/image\\\/\",\"url\":\"https:\\\/\\\/new-site.parm.com\\\/wp-content\\\/uploads\\\/2021\\\/11\\\/Parm_Logo_blue_RGB.png\",\"contentUrl\":\"https:\\\/\\\/new-site.parm.com\\\/wp-content\\\/uploads\\\/2021\\\/11\\\/Parm_Logo_blue_RGB.png\",\"width\":908,\"height\":228,\"caption\":\"Parm AG\"},\"image\":{\"@id\":\"https:\\\/\\\/new-site.parm.com\\\/fi\\\/#\\\/schema\\\/logo\\\/image\\\/\"},\"sameAs\":[\"https:\\\/\\\/www.facebook.com\\\/myparm\",\"https:\\\/\\\/www.linkedin.com\\\/company\\\/parm-ag\",\"https:\\\/\\\/www.xing.com\\\/pages\\\/parmag\"]}]}<\/script>\n<!-- \/ Yoast SEO plugin. -->","yoast_head_json":{"title":"Ajan ja kulujen tallennus - myPARM","description":"Ajan ja kulujen kirjaaminen myPARM-ohjelmassa mahdollistaa todellisten kustannusten dokumentoinnin kaikenlaisten projektikustannusten vertailua varten.","robots":{"index":"index","follow":"follow","max-snippet":"max-snippet:-1","max-image-preview":"max-image-preview:large","max-video-preview":"max-video-preview:-1"},"canonical":"https:\/\/new-site.parm.com\/fi\/myparm-5\/ajan-ja-kulujen-seuranta\/","og_locale":"fi_FI","og_type":"article","og_title":"Ajan ja kulujen kirjaaminen myPARMilla","og_description":"Kirjaa kaikenlaiset todelliset kustannukset hankkeen kustannusvertailuja ja suorituksen edistymisen dokumentointia varten.","og_url":"https:\/\/new-site.parm.com\/fi\/myparm-5\/ajan-ja-kulujen-seuranta\/","og_site_name":"Parm AG","article_publisher":"https:\/\/www.facebook.com\/myparm","article_modified_time":"2026-03-23T14:13:18+00:00","og_image":[{"width":1080,"height":500,"url":"https:\/\/new-site.parm.com\/wp-content\/uploads\/2022\/08\/Header_Zeitmanagement.png","type":"image\/png"}],"twitter_card":"summary_large_image","twitter_title":"Ajan ja kulujen kirjaaminen myPARMilla","twitter_description":"Kirjaa kaikenlaiset todelliset kustannukset hankkeen kustannusvertailuja ja suorituksen edistymisen dokumentointia varten.","twitter_image":"https:\/\/new-site.parm.com\/wp-content\/uploads\/2022\/08\/Header_Zeitmanagement.png","schema":{"@context":"https:\/\/schema.org","@graph":[{"@type":"WebPage","@id":"https:\/\/new-site.parm.com\/fi\/myparm-5\/ajan-ja-kulujen-seuranta\/","url":"https:\/\/new-site.parm.com\/fi\/myparm-5\/ajan-ja-kulujen-seuranta\/","name":"Ajan ja kulujen tallennus - myPARM","isPartOf":{"@id":"https:\/\/new-site.parm.com\/fi\/#website"},"primaryImageOfPage":{"@id":"https:\/\/new-site.parm.com\/fi\/myparm-5\/ajan-ja-kulujen-seuranta\/#primaryimage"},"image":{"@id":"https:\/\/new-site.parm.com\/fi\/myparm-5\/ajan-ja-kulujen-seuranta\/#primaryimage"},"thumbnailUrl":"https:\/\/new-site.parm.com\/wp-content\/uploads\/2022\/08\/Header_Zeitmanagement.png","datePublished":"2022-08-17T12:56:36+00:00","dateModified":"2026-03-23T14:13:18+00:00","description":"Ajan ja kulujen kirjaaminen myPARM-ohjelmassa mahdollistaa todellisten kustannusten dokumentoinnin kaikenlaisten projektikustannusten vertailua varten.","breadcrumb":{"@id":"https:\/\/new-site.parm.com\/fi\/myparm-5\/ajan-ja-kulujen-seuranta\/#breadcrumb"},"inLanguage":"fi","potentialAction":[{"@type":"ReadAction","target":["https:\/\/new-site.parm.com\/fi\/myparm-5\/ajan-ja-kulujen-seuranta\/"]}]},{"@type":"ImageObject","inLanguage":"fi","@id":"https:\/\/new-site.parm.com\/fi\/myparm-5\/ajan-ja-kulujen-seuranta\/#primaryimage","url":"https:\/\/new-site.parm.com\/wp-content\/uploads\/2022\/08\/Header_Zeitmanagement.png","contentUrl":"https:\/\/new-site.parm.com\/wp-content\/uploads\/2022\/08\/Header_Zeitmanagement.png","width":1080,"height":500,"caption":"Ajanhallintaotsikko"},{"@type":"BreadcrumbList","@id":"https:\/\/new-site.parm.com\/fi\/myparm-5\/ajan-ja-kulujen-seuranta\/#breadcrumb","itemListElement":[{"@type":"ListItem","position":1,"name":"Startseite","item":"https:\/\/new-site.parm.com\/fi\/"},{"@type":"ListItem","position":2,"name":"Projektinhallinta","item":"https:\/\/new-site.parm.com\/fi\/myparm-5\/"},{"@type":"ListItem","position":3,"name":"Ajan ja kulujen seuranta"}]},{"@type":"WebSite","@id":"https:\/\/new-site.parm.com\/fi\/#website","url":"https:\/\/new-site.parm.com\/fi\/","name":"Parm AG","description":"Successful projects. Swiss quality. Software f\u00fcr Projektmanagement","publisher":{"@id":"https:\/\/new-site.parm.com\/fi\/#organization"},"alternateName":"Parm","potentialAction":[{"@type":"SearchAction","target":{"@type":"EntryPoint","urlTemplate":"https:\/\/new-site.parm.com\/fi\/?s={search_term_string}"},"query-input":{"@type":"PropertyValueSpecification","valueRequired":true,"valueName":"search_term_string"}}],"inLanguage":"fi"},{"@type":"Organization","@id":"https:\/\/new-site.parm.com\/fi\/#organization","name":"Parm AG","alternateName":"Parm","url":"https:\/\/new-site.parm.com\/fi\/","logo":{"@type":"ImageObject","inLanguage":"fi","@id":"https:\/\/new-site.parm.com\/fi\/#\/schema\/logo\/image\/","url":"https:\/\/new-site.parm.com\/wp-content\/uploads\/2021\/11\/Parm_Logo_blue_RGB.png","contentUrl":"https:\/\/new-site.parm.com\/wp-content\/uploads\/2021\/11\/Parm_Logo_blue_RGB.png","width":908,"height":228,"caption":"Parm AG"},"image":{"@id":"https:\/\/new-site.parm.com\/fi\/#\/schema\/logo\/image\/"},"sameAs":["https:\/\/www.facebook.com\/myparm","https:\/\/www.linkedin.com\/company\/parm-ag","https:\/\/www.xing.com\/pages\/parmag"]}]}},"_links":{"self":[{"href":"https:\/\/new-site.parm.com\/fi\/wp-json\/wp\/v2\/pages\/9593","targetHints":{"allow":["GET"]}}],"collection":[{"href":"https:\/\/new-site.parm.com\/fi\/wp-json\/wp\/v2\/pages"}],"about":[{"href":"https:\/\/new-site.parm.com\/fi\/wp-json\/wp\/v2\/types\/page"}],"author":[{"embeddable":true,"href":"https:\/\/new-site.parm.com\/fi\/wp-json\/wp\/v2\/users\/1"}],"replies":[{"embeddable":true,"href":"https:\/\/new-site.parm.com\/fi\/wp-json\/wp\/v2\/comments?post=9593"}],"version-history":[{"count":5,"href":"https:\/\/new-site.parm.com\/fi\/wp-json\/wp\/v2\/pages\/9593\/revisions"}],"predecessor-version":[{"id":247325,"href":"https:\/\/new-site.parm.com\/fi\/wp-json\/wp\/v2\/pages\/9593\/revisions\/247325"}],"up":[{"embeddable":true,"href":"https:\/\/new-site.parm.com\/fi\/wp-json\/wp\/v2\/pages\/9450"}],"wp:featuredmedia":[{"embeddable":true,"href":"https:\/\/new-site.parm.com\/fi\/wp-json\/wp\/v2\/media\/9572"}],"wp:attachment":[{"href":"https:\/\/new-site.parm.com\/fi\/wp-json\/wp\/v2\/media?parent=9593"}],"curies":[{"name":"wp","href":"https:\/\/api.w.org\/{rel}","templated":true}]}}